{"id":4714,"date":"2022-03-03T12:12:20","date_gmt":"2022-03-03T12:12:20","guid":{"rendered":"https:\/\/abegoes.com\/terms-and-conditions\/"},"modified":"2024-07-03T09:13:35","modified_gmt":"2024-07-03T09:13:35","slug":"terms-and-conditions","status":"publish","type":"page","link":"https:\/\/abegoes.com\/en\/terms-and-conditions\/","title":{"rendered":"Terms and Conditions"},"content":{"rendered":"<p>[vc_row][vc_column]<h2 class=\"eut-element eut-title eut-align-inherit eut-h2\" style=\"\"><span><br>\n<span style=\"color: #e5615b;\">Terms and Conditions<\/span><br>\n<\/span><\/h2>[vc_column_text]<\/p>\n<h3>Check-in and check-out<\/h3>\n<p><strong>Check-in<\/strong>: Check-in can be done between 3pm and 7pm.<\/p>\n<p>Herdade dos Abeg\u00f5es will contact you a few days before arrival to confirm the check-in time and arrange key collection. If you need to check in after this schedule, you must notify Herdade dos Abeg\u00f5es up to 5 days before the check-in day.<\/p>\n<p><strong>Check-out:<\/strong> You must check out until 12pm.<\/p>\n<p>If there is a need to adjust the departure time, we kindly ask you to present your request at reception at least 24 hours in advance. Herdade dos Abeg\u00f5es cannot guarantee that this will be satisfied, however if there is a possibility, it will analyze your request.<\/p>\n<h3>Payments<\/h3>\n<p>Bookings at Herdade dos Abeg\u00f5es are on a pre-payment basis. Payment for your booking will be requested from the moment it becomes non-refundable: 5 days before the start date of your stay if you are staying in one of our rooms, or 14 days before the start date of your stay if you choose to book the entire Herdade.<\/p>\n<p>In case you opt for the non-refundable rate, payment can be requested from the moment you make your booking.<\/p>\n<h4>Guarantee Policy<\/h4>\n<p>In order to take advantage of all the services we have at your disposal we require that you have a valid credit card at the time of your booking.<\/p>\n<h4>Deposit Policy<\/h4>\n<p>In case you don&#8217;t have a valid credit card, a deposit may be required to guarantee your reservation.<\/p>\n<h3>Cancellations<\/h3>\n<h4>Booking Policy<\/h4>\n<p>Any booking changes or cancellations made up to 5 days before the arrival date if you are staying in one of our rooms, and up to 14 days before the arrival date if you choose to book the exclusive access to Herdade dos Abeg\u00f5es, will be accepted free of charge. If your booking is cancelled after this period, in case of no-show, and\/or early departure, the total value of your stay will be charged.<\/p>\n<p>Any changes or cancellations should be sent to <a href=\"mailto:info@abegoes.com\">info@abeg\u00f5es.com<\/a>. In case your booking has been made through an external platform (e.g. booking, expedia), changes and cancellations should be made through the same channel.<\/p>\n<h4>Meal Cancellation Policy<\/h4>\n<p>If you have booked the exclusive access to Herdade dos Abeg\u00f5es changes or cancellations of meals must be submitted up to 14 days before the arrival date. After this date, Herdade dos Abeg\u00f5es cannot guarantee the satisfaction of your change request, reserving the right to charge for the booked meals. Any changes or cancellations should be sent to <a href=\"mailto:info@abegoes.com\">info@abeg\u00f5es.com<\/a>.<\/p>\n<h4>Activities Cancellation Policy<\/h4>\n<p>Activities are subject to prior booking and availability. Once availability has been confirmed, the booking is effective once full payment has been received. Activities cannot be canceled. If necessary, Herdade dos Abeg\u00f5es may consider rescheduling the activity, by prior appointment and subject to availability.<\/p>\n<p>For bookings of activities provided by third parties, the cancellation policy will be that applicable by the service provider.<\/p>\n<p>Any changes or cancellations should be sent to <a href=\"mailto:info@abegoes.com\">info@abeg\u00f5es.com<\/a>.<\/p>\n<h3>Your stay at Herdade dos Abeg\u00f5es<\/h3>\n<p>All reservations include accommodation and breakfast. There are other services and activities at Herdade dos Abeg\u00f5es that can be booked in advance and at an additional cost.<\/p>\n<h4>Meals<\/h4>\n<p>Breakfast service is included in the price of your accommodation, and will be served between 8:30am and 10:30am.<\/p>\n<p>Lunches and dinners at Herdade dos Abeg\u00f5es are served between 12:30pm and 2:30pm, and 7:30pm-9:30pm respectively, and must be booked 2 hours in advance. The menu is fixed-price and contains two different options of the day. You can consult the menu, or other information via email <a href=\"mailto:info@abegoes.com\">info@abegoes.com<\/a>.<\/p>\n<p>Herdade dos Abeg\u00f5es has a menu of drinks and snacks that can be requested at the property between 11am to 9pm.<\/p>\n<p>For groups of more than 6 people, and for guests who book the exclusive access to Herdade dos Abeg\u00f5es, we offer a meal service, by appointment. The menu, consisting of regional dishes prepared at the property, has an all included fixed price and must be selected in advance up to 14 days before the first day of your stay. You can consult the menu, or other information via email <a href=\"mailto:info@abegoes.com\">info@abegoes.com<\/a>.<\/p>\n<h4>Extra Bed<\/h4>\n<p>Due to the characteristics of the accommodations, it is not possible to have extra beds.<\/p>\n<p>We have children&#8217;s beds up to 3 years old, free of charge, which can be placed in the parents&#8217; rooms, upon prior request and consultation.<\/p>\n<h4>Pets<\/h4>\n<p>In order to ensure that all guests can enjoy a peaceful environment and the property without disturbances, pets are not allowed at Herdade dos Abeg\u00f5es.<\/p>\n<h4>Swimming Pool<\/h4>\n<p>At Herdade dos Abeg\u00f5es you can use the swimming pool for free and in accordance with the rules of use. We safeguard that this is not supervised, being treated with products for its maintenance.<\/p>\n<p>The pool&#8217;s opening hours are from 10 am to 9 pm, and its use is exclusively for Herdade dos Abeg\u00f5es\u2019 guests. The use of a bathing suit is mandatory in the swimming pool. Children must always be under adult supervision. Diving and the use of inflatables and buoys are prohibited. Herdade dos Abeg\u00f5es is not responsible for any accident in this area. For more information you can consult the Rules of Use of the swimming pool in the folder in your room, or contact <a href=\"mailto:info@abegoes.com\">info@abeg\u00f5es.com<\/a>.<\/p>\n<h4>Visits<\/h4>\n<p>Herdade dos Abeg\u00f5es is for the exclusive use of its guests, not being allowed to receive visitors or house third parties.<\/p>\n<h4>Parties<\/h4>\n<p>In Herdade dos Abeg\u00f5es are not allowed parties, stag parties, or any type of event that may disturb the noise conditions.<\/p>\n<h4>Parking<\/h4>\n<p>We advise you to leave your car locked. Herdade dos Abeg\u00f5es is not responsible for damage caused to third parties, theft or robbery occurred with the vehicles.<\/p>\n<p>For the safety of all, we appreciate that whenever you enter or leave the property, that you close the gate.<\/p>\n<h4>Smoking<\/h4>\n<p>Smoking is forbidden in the rooms and common areas. Outside you will find appropriate areas for smoking, being mandatory the respect for the space of other guests and the basic standards of hygiene and cleanliness of the space. In accordance with Herdade dos Abeg\u00f5es policy, we reserve the right to charge an additional fee of 200\u20ac\/incident if this rule is not complied with.<\/p>\n<p>Please contact reception for further details.<\/p>\n<h4>Damage caused or missing objects<\/h4>\n<p>Herdade dos Abeg\u00f5es reserves the right to charge for any damage caused by the guest.<\/p>\n<h3>General Conditions<\/h3>\n<h4>Admission<\/h4>\n<p>Herdade dos Abeg\u00f5es can be used by national and foreign guests upon presentation of a valid identification document (Citizen Card \/ Identity Card or Passport).<\/p>\n<p>The reservation implies filling in a reservation registration form. At check-in the guests&#8217; identification documents will be requested to integrate the customer&#8217;s file. The customer will guarantee the accuracy of all information given.<\/p>\n<p>Clients must inform the exact number of guests when submitting the reservation or whenever questioned.<\/p>\n<p>If the booking involves foreign guests, the law requires that the respective identification documents\/passport must be presented for photocopying. These documents must obligatorily have the indication of the full name, date of birth, place of birth and residence and issuing country of the document.<\/p>\n<p>Herdade dos Abeg\u00f5es reserves the right to refuse accommodation to a number of guests exceeding the capacity indicated for the establishment.<\/p>\n<h4>Booking for Exclusive Access of Herdade dos Abeg\u00f5es<\/h4>\n<p>Herdade dos Abeg\u00f5es can be booked on an exclusive basis, by consulting the price table for this category. Reserving the establishment in this category always includes the presence of the kitchen and cleaning staff, with use of the kitchen restricted to guests. For meal service, we have several options, presented in the chapter &#8216;Meals&#8217; of these Terms and Conditions.<\/p>\n<h4>Bookings and Payments<\/h4>\n<p>The reservation only becomes effective upon receipt of the confirmation email from Herdade dos Abeg\u00f5es, regardless of the channel used for booking (website, booking platforms, telephone).<\/p>\n<p>After confirming the booking, the service is pending on the provision of the customer&#8217;s credit card details and by authorising the deduction of expenses (including cancellation fees). If these details are not given to Herdade dos Abeg\u00f5es, the reservation will become null.<\/p>\n<p>In the event that the customer does not have a credit card, the reservation is only confirmed after payment of the first night&#8217;s stay. The customer has a maximum period of 48 hours after the written confirmation of availability of the reservation by Herdade dos Abeg\u00f5es, to make the payment, and should send proof of payment via email <a href=\"mailto:info@abegoes.com\">info@abegoes.com<\/a>.<\/p>\n<p>The payment should be made to the account:<\/p>\n<p><strong>Beneficiary:<\/strong> EUROESTE IMOBILI\u00c1RIA, LDA<\/p>\n<p><strong>IBAN:<\/strong> PT50.0036.0580.99106001101.53<\/p>\n<p><strong>BIC\/SWIFT: <\/strong>MPIOPTPL<\/p>\n<p>The remaining payment can be requested from you once it becomes non-refundable.<\/p>\n<p>All extra services that the client uses during his stay will be paid at the time of check-out. It is assumed that the customer authorises the settlement of all outstanding charges under the payment method shown on the customer card.<\/p>\n<h4>Rules for Use<\/h4>\n<p>The extension of your stay must be submitted to Herdade dos Abeg\u00f5es prior assessment and is subject to availability.<\/p>\n<p>Guests are responsible for any damage they cause to facilities and equipment, and must report any incident, assuming whenever they are charged, the inherent costs.<\/p>\n<p>Access to or stay at Herdade dos Abeg\u00f5es may be refused to anyone who disturbs its normal operation, namely when:<\/p>\n<ol>\n<li>Uses them for other purposes;<\/li>\n<li>Refuses to comply with the accommodation&#8217;s internal operating rules;<\/li>\n<li>Improperly hosts third parties.<\/li>\n<\/ol>\n<p>Customers are obliged to comply with the applicable legal and regulatory norms.<\/p>\n<h4>Cleaning Service<\/h4>\n<p>The client is responsible for the cleanliness and good condition of the furniture, crockery, clothes, electrical appliances and other equipment.<\/p>\n<p>The accommodation price includes housekeeping and cleaning service before and after the stay. The replacement of bath linen will take place every 3 days, and bed linen every 5 days, whenever the guest requests it, and whenever there is a change of guest.<\/p>\n<h4>Safety<\/h4>\n<p>Herdade dos Abeg\u00f5es is equipped with fire extinguishers, fire blanket and first aid kit, and users must make responsible use of any of these materials. In cases of unjustified use of this equipment, any damage incurred will be charged to the users.<\/p>\n<h3>Final Provisions<\/h3>\n<p>Herdade dos Abeg\u00f5es\u2019 guests agree to safeguard and respect the natural heritage of the property.<\/p>\n<p>In the event of adverse natural causes, Herdade dos Abeg\u00f5es is not responsible for the consequences suffered by guests during their stay.<\/p>\n<p>Herdade dos Abeg\u00f5es is not responsible for objects or money left at Herdade dos Abeg\u00f5es. However, any object found in the accommodations can be recovered within 30 working days at the headquarters of Herdade dos Abeg\u00f5es, not being responsible, this one, for its shipping.<\/p>\n<p>There is a complaints book at Herdade dos Abeg\u00f5es. If the customer intends to make a complaint, we suggest that in the first instance you contact us so that we can reach a solution in a friendly manner. If this is not possible, you may request the book on site or use the electronic platform created for this purpose.<\/p>\n<p>The booking and the effective use of any of the Herdade dos Abeg\u00f5es accommodations implies knowledge and acceptance of these rules.<\/p>\n<h3>Intellectual property rights<\/h3>\n<p>The elements presented throughout your stay at Herdade dos Abeg\u00f5es, as well as on this website, are subject to intellectual property rights. Their use will only be permitted after consent from Herdade dos Abeg\u00f5es.<\/p>\n<h3>Customer Support<\/h3>\n<p>You may, at any time, contact Euroeste Imobili\u00e1ria e Constru\u00e7\u00f5es, Unipessoal Lda for any purpose, either for any doubt regarding the use of our website or our services, or for the purpose of a complaint, by emailing info@abegoes.com.<\/p>\n<p>In the event of a consumer dispute, you can contact a Consumer Dispute Resolution Body:<\/p>\n<ul>\n<li>National Center for Information and Arbitration of Consumer Disputes (CNIACC)<\/li>\n<li>Coimbra Region Consumer Dispute Arbitration Center (CACRC)<\/li>\n<li>Lisbon Consumer Dispute Arbitration Center (CACCL)<\/li>\n<li>Arbitration Center of the Autonomous University of Lisbon (CAUAL)<\/li>\n<li>Consumer Dispute Arbitration Center of the Autonomous Region of Madeira (CACC RAM)<\/li>\n<li>Porto Consumer Information and Arbitration Center (CICAP)<\/li>\n<li>Ave, T\u00e2mega and Sousa Consumer Dispute Arbitration Center (TRIAVE)<\/li>\n<li>Center for Consumer Information, Mediation and Arbitration (Consumer Arbitration Court) (CIAB)<\/li>\n<li>Algarve Information, Mediation and Arbitration Center (CIMAAL)<\/li>\n<\/ul>\n<p>Access the Electronic Alternative Dispute Resolution Platform in online sales or service contracts:<\/p>\n<p><a href=\"https:\/\/www.consumidor.gov.pt\/plataforma-eletronica-europeia-para-a-resolucao-de-litigios-de-consumo-em-linha.aspx\">https:\/\/www.consumidor.gov.pt\/plataforma-eletronica-europeia-para-a-resolucao-de-litigios-de-consumo-em-linha.aspx<\/a><\/p>\n<p>More information on the Consumer Portal: <a href=\"https:\/\/www.consumidor.gov.pt\/\">www.consumidor.gov.pt<\/a>.<\/p>\n<h3>Applicable Law<\/h3>\n<p>All purchases made on the Herdade dos Abeg\u00f5es website are subject to Portuguese law. Any conflict or disagreement shall be submitted to the competent Portuguese court.<\/p>\n<p>If the Customer is located outside Portugal, Herdade dos Abeg\u00f5es informs you from now on, that any judicial process must be brought exclusively in the Portuguese Courts.<\/p>\n<p>Last update: 06\/2024[\/vc_column_text][\/vc_column][\/vc_row]<\/p>\n","protected":false},"excerpt":{"rendered":"<p>[vc_row][vc_column][vc_column_text] Check-in and check-out Check-in: Check-in can be done between 3pm and 7pm. Herdade dos Abeg\u00f5es will contact you a few days before arrival to confirm the check-in time and arrange key collection. If you need to check in after this schedule, you must notify Herdade dos Abeg\u00f5es up to 5 days before the check-in [&hellip;]<\/p>\n","protected":false},"author":1,"featured_media":0,"parent":0,"menu_order":0,"comment_status":"closed","ping_status":"open","template":"","meta":{"footnotes":""},"class_list":["post-4714","page","type-page","status-publish","hentry"],"yoast_head":"<!-- This site is optimized with the Yoast SEO plugin v22.9 - https:\/\/yoast.com\/wordpress\/plugins\/seo\/ -->\n<title>Terms and Conditions - Herdade dos Abeg\u00f5es<\/title>\n<meta name=\"robots\" content=\"index, follow, max-snippet:-1, max-image-preview:large, max-video-preview:-1\" \/>\n<link rel=\"canonical\" href=\"https:\/\/abegoes.com\/en\/terms-and-conditions\/\" \/>\n<meta property=\"og:locale\" content=\"en_US\" \/>\n<meta property=\"og:type\" content=\"article\" \/>\n<meta property=\"og:title\" content=\"Terms and Conditions - Herdade dos Abeg\u00f5es\" \/>\n<meta property=\"og:description\" content=\"[vc_row][vc_column][vc_column_text] Check-in and check-out Check-in: Check-in can be done between 3pm and 7pm. Herdade dos Abeg\u00f5es will contact you a few days before arrival to confirm the check-in time and arrange key collection. If you need to check in after this schedule, you must notify Herdade dos Abeg\u00f5es up to 5 days before the check-in [&hellip;]\" \/>\n<meta property=\"og:url\" content=\"https:\/\/abegoes.com\/en\/terms-and-conditions\/\" \/>\n<meta property=\"og:site_name\" content=\"Herdade dos Abeg\u00f5es\" \/>\n<meta property=\"article:publisher\" content=\"https:\/\/www.facebook.com\/herdadedosabegoes\" \/>\n<meta property=\"article:modified_time\" content=\"2024-07-03T09:13:35+00:00\" \/>\n<meta name=\"twitter:card\" content=\"summary_large_image\" \/>\n<meta name=\"twitter:label1\" content=\"Est. reading time\" \/>\n\t<meta name=\"twitter:data1\" content=\"11 minutes\" \/>\n<script type=\"application\/ld+json\" class=\"yoast-schema-graph\">{\"@context\":\"https:\/\/schema.org\",\"@graph\":[{\"@type\":\"WebPage\",\"@id\":\"https:\/\/abegoes.com\/en\/terms-and-conditions\/\",\"url\":\"https:\/\/abegoes.com\/en\/terms-and-conditions\/\",\"name\":\"Terms and Conditions - Herdade dos Abeg\u00f5es\",\"isPartOf\":{\"@id\":\"https:\/\/abegoes.com\/en\/#website\"},\"datePublished\":\"2022-03-03T12:12:20+00:00\",\"dateModified\":\"2024-07-03T09:13:35+00:00\",\"breadcrumb\":{\"@id\":\"https:\/\/abegoes.com\/en\/terms-and-conditions\/#breadcrumb\"},\"inLanguage\":\"en-US\",\"potentialAction\":[{\"@type\":\"ReadAction\",\"target\":[\"https:\/\/abegoes.com\/en\/terms-and-conditions\/\"]}]},{\"@type\":\"BreadcrumbList\",\"@id\":\"https:\/\/abegoes.com\/en\/terms-and-conditions\/#breadcrumb\",\"itemListElement\":[{\"@type\":\"ListItem\",\"position\":1,\"name\":\"Home\",\"item\":\"https:\/\/abegoes.com\/en\/\"},{\"@type\":\"ListItem\",\"position\":2,\"name\":\"Terms and Conditions\"}]},{\"@type\":\"WebSite\",\"@id\":\"https:\/\/abegoes.com\/en\/#website\",\"url\":\"https:\/\/abegoes.com\/en\/\",\"name\":\"Herdade dos Abeg\u00f5es\",\"description\":\"Where nature is preserved\",\"publisher\":{\"@id\":\"https:\/\/abegoes.com\/en\/#organization\"},\"potentialAction\":[{\"@type\":\"SearchAction\",\"target\":{\"@type\":\"EntryPoint\",\"urlTemplate\":\"https:\/\/abegoes.com\/en\/?s={search_term_string}\"},\"query-input\":\"required name=search_term_string\"}],\"inLanguage\":\"en-US\"},{\"@type\":\"Organization\",\"@id\":\"https:\/\/abegoes.com\/en\/#organization\",\"name\":\"Herdade dos Abeg\u00f5es\",\"url\":\"https:\/\/abegoes.com\/en\/\",\"logo\":{\"@type\":\"ImageObject\",\"inLanguage\":\"en-US\",\"@id\":\"https:\/\/abegoes.com\/en\/#\/schema\/logo\/image\/\",\"url\":\"https:\/\/abegoes.com\/wp-content\/uploads\/2022\/03\/abegoes_logo.png\",\"contentUrl\":\"https:\/\/abegoes.com\/wp-content\/uploads\/2022\/03\/abegoes_logo.png\",\"width\":1428,\"height\":1544,\"caption\":\"Herdade dos Abeg\u00f5es\"},\"image\":{\"@id\":\"https:\/\/abegoes.com\/en\/#\/schema\/logo\/image\/\"},\"sameAs\":[\"https:\/\/www.facebook.com\/herdadedosabegoes\",\"https:\/\/www.instagram.com\/herdadedosabegoes\/\"]}]}<\/script>\n<!-- \/ Yoast SEO plugin. -->","yoast_head_json":{"title":"Terms and Conditions - Herdade dos Abeg\u00f5es","robots":{"index":"index","follow":"follow","max-snippet":"max-snippet:-1","max-image-preview":"max-image-preview:large","max-video-preview":"max-video-preview:-1"},"canonical":"https:\/\/abegoes.com\/en\/terms-and-conditions\/","og_locale":"en_US","og_type":"article","og_title":"Terms and Conditions - Herdade dos Abeg\u00f5es","og_description":"[vc_row][vc_column][vc_column_text] Check-in and check-out Check-in: Check-in can be done between 3pm and 7pm. Herdade dos Abeg\u00f5es will contact you a few days before arrival to confirm the check-in time and arrange key collection. If you need to check in after this schedule, you must notify Herdade dos Abeg\u00f5es up to 5 days before the check-in [&hellip;]","og_url":"https:\/\/abegoes.com\/en\/terms-and-conditions\/","og_site_name":"Herdade dos Abeg\u00f5es","article_publisher":"https:\/\/www.facebook.com\/herdadedosabegoes","article_modified_time":"2024-07-03T09:13:35+00:00","twitter_card":"summary_large_image","twitter_misc":{"Est. reading time":"11 minutes"},"schema":{"@context":"https:\/\/schema.org","@graph":[{"@type":"WebPage","@id":"https:\/\/abegoes.com\/en\/terms-and-conditions\/","url":"https:\/\/abegoes.com\/en\/terms-and-conditions\/","name":"Terms and Conditions - Herdade dos Abeg\u00f5es","isPartOf":{"@id":"https:\/\/abegoes.com\/en\/#website"},"datePublished":"2022-03-03T12:12:20+00:00","dateModified":"2024-07-03T09:13:35+00:00","breadcrumb":{"@id":"https:\/\/abegoes.com\/en\/terms-and-conditions\/#breadcrumb"},"inLanguage":"en-US","potentialAction":[{"@type":"ReadAction","target":["https:\/\/abegoes.com\/en\/terms-and-conditions\/"]}]},{"@type":"BreadcrumbList","@id":"https:\/\/abegoes.com\/en\/terms-and-conditions\/#breadcrumb","itemListElement":[{"@type":"ListItem","position":1,"name":"Home","item":"https:\/\/abegoes.com\/en\/"},{"@type":"ListItem","position":2,"name":"Terms and Conditions"}]},{"@type":"WebSite","@id":"https:\/\/abegoes.com\/en\/#website","url":"https:\/\/abegoes.com\/en\/","name":"Herdade dos Abeg\u00f5es","description":"Where nature is preserved","publisher":{"@id":"https:\/\/abegoes.com\/en\/#organization"},"potentialAction":[{"@type":"SearchAction","target":{"@type":"EntryPoint","urlTemplate":"https:\/\/abegoes.com\/en\/?s={search_term_string}"},"query-input":"required name=search_term_string"}],"inLanguage":"en-US"},{"@type":"Organization","@id":"https:\/\/abegoes.com\/en\/#organization","name":"Herdade dos Abeg\u00f5es","url":"https:\/\/abegoes.com\/en\/","logo":{"@type":"ImageObject","inLanguage":"en-US","@id":"https:\/\/abegoes.com\/en\/#\/schema\/logo\/image\/","url":"https:\/\/abegoes.com\/wp-content\/uploads\/2022\/03\/abegoes_logo.png","contentUrl":"https:\/\/abegoes.com\/wp-content\/uploads\/2022\/03\/abegoes_logo.png","width":1428,"height":1544,"caption":"Herdade dos Abeg\u00f5es"},"image":{"@id":"https:\/\/abegoes.com\/en\/#\/schema\/logo\/image\/"},"sameAs":["https:\/\/www.facebook.com\/herdadedosabegoes","https:\/\/www.instagram.com\/herdadedosabegoes\/"]}]}},"_links":{"self":[{"href":"https:\/\/abegoes.com\/en\/wp-json\/wp\/v2\/pages\/4714"}],"collection":[{"href":"https:\/\/abegoes.com\/en\/wp-json\/wp\/v2\/pages"}],"about":[{"href":"https:\/\/abegoes.com\/en\/wp-json\/wp\/v2\/types\/page"}],"author":[{"embeddable":true,"href":"https:\/\/abegoes.com\/en\/wp-json\/wp\/v2\/users\/1"}],"replies":[{"embeddable":true,"href":"https:\/\/abegoes.com\/en\/wp-json\/wp\/v2\/comments?post=4714"}],"version-history":[{"count":0,"href":"https:\/\/abegoes.com\/en\/wp-json\/wp\/v2\/pages\/4714\/revisions"}],"wp:attachment":[{"href":"https:\/\/abegoes.com\/en\/wp-json\/wp\/v2\/media?parent=4714"}],"curies":[{"name":"wp","href":"https:\/\/api.w.org\/{rel}","templated":true}]}}