{"id":4713,"date":"2022-06-09T18:47:36","date_gmt":"2022-06-09T18:47:36","guid":{"rendered":"https:\/\/abegoes.com\/como-llegar\/"},"modified":"2024-06-07T09:36:13","modified_gmt":"2024-06-07T09:36:13","slug":"como-llegar","status":"publish","type":"page","link":"https:\/\/abegoes.com\/es\/como-llegar\/","title":{"rendered":"DIRECCIONES"},"content":{"rendered":"<p>[vc_row padding_top_multiplier=\u00bbcustom\u00bb padding_bottom_multiplier=\u00bb\u00bb padding_top=\u00bb10vh\u00bb][vc_column content_width=\u00bb80&#8243; horizontal_content_position=\u00bbcenter\u00bb text_align=\u00bbcenter\u00bb mobile_content_width=\u00bbreset\u00bb]<h1 class=\"eut-element eut-title eut-align-inherit eut-animated-item eut-duration-normal eut-fade-in eut-h1\" style=\"\" data-delay=\"800\"><span><span style=\"color: #f65354;\">DIRECCIONES<\/span><\/span><\/h1>[vc_column_text text_style=\u00bbleader-text\u00bb animation=\u00bbeut-fade-in\u00bb animation_delay=\u00bb1000&#8243;]<strong>C\u00f3mo llegar a la Herdade dos Abeg\u00f5es<\/strong><\/p>\n<p>&nbsp;<\/p>\n<p><strong>Desde Lisboa<\/strong><\/p>\n<p><em>Duraci\u00f3n: 2h50<\/em><\/p>\n<p>&nbsp;<\/p>\n<p>Tome la A1 en direcci\u00f3n a Oporto. Tome la salida 7 para llegar a la A23. Tome la salida 23 de la A23 en direcci\u00f3n Castelo Branco Norte\/ Pampilhosa\/ Penamacor\/ Espa\u00f1a. A continuaci\u00f3n, tome la carretera N240 en direcci\u00f3n a Monfortinho\/Espa\u00f1a. Siga por esta carretera, pasando por Escalos de Baixo, Ladoeiro y Zebreira. Despu\u00e9s de pasar por Zebreira, tendr\u00e1 que contar unos 8km donde encontrar\u00e1 la se\u00f1al &#8216;Abeg\u00f5es&#8217; a su izquierda.<\/p>\n<p>&nbsp;<\/p>\n<p><strong>Desde Oporto<\/strong><\/p>\n<p><em>Duraci\u00f3n: 3h30<\/em><\/p>\n<p>&nbsp;<\/p>\n<p>Tome la A1 en direcci\u00f3n a Lisboa. Tome la salida n\u00ba 11 para coger la A13. A continuaci\u00f3n, tome la salida n\u00ba 24 hacia la A23. Siga por la A23 en direcci\u00f3n a Castelo Branco, tomando la salida n\u00ba 23 hacia Castelo Branco Norte\/ Pampilhosa\/ Penamacor\/ Espa\u00f1a. A continuaci\u00f3n, tome la carretera N240 en direcci\u00f3n a Monfortinho\/Espa\u00f1a. Siga por esta carretera, pasando por Escalos de Baixo, Ladoeiro y Zebreira. Despu\u00e9s de pasar por Zebreira, tendr\u00e1 que contar unos 8km donde encontrar\u00e1 la se\u00f1al &#8216;Abeg\u00f5es&#8217; a su izquierda.<\/p>\n<p>&nbsp;<\/p>\n<p><strong>Desde Madrid<\/strong><\/p>\n<p><em>Duraci\u00f3n: 3h30<\/em><\/p>\n<p>&nbsp;<\/p>\n<p>Tome la R-5 y siga por la autopista A-5. Permanezca en esta autopista durante unos 152 km y tome la salida 185 para la EX-A1 en direcci\u00f3n a Plasencia. Tome la salida 23 por la EX-108 hacia Portugal\/ Termas de Monfortinho. En la rotonda, tome la N240 y siga por esta carretera unos 20 km, donde encontrar\u00e1 la indicaci\u00f3n \u00abAbeg\u00f5es\u00bb a su derecha.<\/p>\n<p>&nbsp;<\/p>\n<p><strong>Desde C\u00e1ceres<\/strong><\/p>\n<p><em>Duraci\u00f3n: 1h45<\/em><\/p>\n<p>&nbsp;<\/p>\n<p>Tome la A-66. Tome la salida 505 hacia Coria. Tome la EX-109 en direcci\u00f3n Portugal. Tome la EX-108 en direcci\u00f3n Portugal\/ Termas de Monfortinho. En la rotonda, tome la N240 y siga por esta carretera unos 20 km, donde encontrar\u00e1 la indicaci\u00f3n \u00abAbeg\u00f5es\u00bb a su derecha.[\/vc_column_text]<div class=\"eut-empty-space eut-height-1x\" style=\"\"><\/div><div class=\"eut-element eut-divider eut-animated-item eut-fade-in eut-duration-normal\" style=\"\" data-delay=\"1200\"><span class=\"eut-custom-divider eut-bg-primary-1 eut-align-inherit\" style=\"width: 1px;height: 16vh;\"><\/span><\/div>[\/vc_column][\/vc_row]<\/p>\n","protected":false},"excerpt":{"rendered":"<p>[vc_row padding_top_multiplier=\u00bbcustom\u00bb padding_bottom_multiplier=\u00bb\u00bb padding_top=\u00bb10vh\u00bb][vc_column content_width=\u00bb80&#8243; horizontal_content_position=\u00bbcenter\u00bb text_align=\u00bbcenter\u00bb mobile_content_width=\u00bbreset\u00bb][vc_column_text text_style=\u00bbleader-text\u00bb animation=\u00bbeut-fade-in\u00bb animation_delay=\u00bb1000&#8243;]C\u00f3mo llegar a la Herdade dos Abeg\u00f5es &nbsp; Desde Lisboa Duraci\u00f3n: 2h50 &nbsp; Tome la A1 en direcci\u00f3n a Oporto. Tome la salida 7 para llegar a la A23. Tome la salida 23 de la A23 en direcci\u00f3n Castelo Branco Norte\/ Pampilhosa\/ Penamacor\/ Espa\u00f1a. A [&hellip;]<\/p>\n","protected":false},"author":1,"featured_media":0,"parent":0,"menu_order":0,"comment_status":"closed","ping_status":"closed","template":"","meta":{"footnotes":""},"class_list":["post-4713","page","type-page","status-publish","hentry"],"yoast_head":"<!-- This site is optimized with the Yoast SEO plugin v22.9 - https:\/\/yoast.com\/wordpress\/plugins\/seo\/ -->\n<title>DIRECCIONES - Herdade dos Abeg\u00f5es<\/title>\n<meta name=\"robots\" content=\"index, follow, max-snippet:-1, max-image-preview:large, max-video-preview:-1\" \/>\n<link rel=\"canonical\" href=\"https:\/\/abegoes.com\/es\/como-llegar\/\" \/>\n<meta property=\"og:locale\" content=\"es_ES\" \/>\n<meta property=\"og:type\" content=\"article\" \/>\n<meta property=\"og:title\" content=\"DIRECCIONES - Herdade dos Abeg\u00f5es\" \/>\n<meta property=\"og:description\" content=\"[vc_row padding_top_multiplier=\u00bbcustom\u00bb padding_bottom_multiplier=\u00bb\u00bb padding_top=\u00bb10vh\u00bb][vc_column content_width=\u00bb80&#8243; horizontal_content_position=\u00bbcenter\u00bb text_align=\u00bbcenter\u00bb mobile_content_width=\u00bbreset\u00bb][vc_column_text text_style=\u00bbleader-text\u00bb animation=\u00bbeut-fade-in\u00bb animation_delay=\u00bb1000&#8243;]C\u00f3mo llegar a la Herdade dos Abeg\u00f5es &nbsp; Desde Lisboa Duraci\u00f3n: 2h50 &nbsp; Tome la A1 en direcci\u00f3n a Oporto. Tome la salida 7 para llegar a la A23. Tome la salida 23 de la A23 en direcci\u00f3n Castelo Branco Norte\/ Pampilhosa\/ Penamacor\/ Espa\u00f1a. A [&hellip;]\" \/>\n<meta property=\"og:url\" content=\"https:\/\/abegoes.com\/es\/como-llegar\/\" \/>\n<meta property=\"og:site_name\" content=\"Herdade dos Abeg\u00f5es\" \/>\n<meta property=\"article:publisher\" content=\"https:\/\/www.facebook.com\/herdadedosabegoes\" \/>\n<meta property=\"article:modified_time\" content=\"2024-06-07T09:36:13+00:00\" \/>\n<meta name=\"twitter:card\" content=\"summary_large_image\" \/>\n<meta name=\"twitter:label1\" content=\"Tiempo de lectura\" \/>\n\t<meta name=\"twitter:data1\" content=\"2 minutos\" \/>\n<script type=\"application\/ld+json\" class=\"yoast-schema-graph\">{\"@context\":\"https:\/\/schema.org\",\"@graph\":[{\"@type\":\"WebPage\",\"@id\":\"https:\/\/abegoes.com\/es\/como-llegar\/\",\"url\":\"https:\/\/abegoes.com\/es\/como-llegar\/\",\"name\":\"DIRECCIONES - Herdade dos Abeg\u00f5es\",\"isPartOf\":{\"@id\":\"https:\/\/abegoes.com\/es\/#website\"},\"datePublished\":\"2022-06-09T18:47:36+00:00\",\"dateModified\":\"2024-06-07T09:36:13+00:00\",\"breadcrumb\":{\"@id\":\"https:\/\/abegoes.com\/es\/como-llegar\/#breadcrumb\"},\"inLanguage\":\"es\",\"potentialAction\":[{\"@type\":\"ReadAction\",\"target\":[\"https:\/\/abegoes.com\/es\/como-llegar\/\"]}]},{\"@type\":\"BreadcrumbList\",\"@id\":\"https:\/\/abegoes.com\/es\/como-llegar\/#breadcrumb\",\"itemListElement\":[{\"@type\":\"ListItem\",\"position\":1,\"name\":\"Home\",\"item\":\"https:\/\/abegoes.com\/es\/\"},{\"@type\":\"ListItem\",\"position\":2,\"name\":\"DIRECCIONES\"}]},{\"@type\":\"WebSite\",\"@id\":\"https:\/\/abegoes.com\/es\/#website\",\"url\":\"https:\/\/abegoes.com\/es\/\",\"name\":\"Herdade dos Abeg\u00f5es\",\"description\":\"Donde la naturaleza se guarda\",\"publisher\":{\"@id\":\"https:\/\/abegoes.com\/es\/#organization\"},\"potentialAction\":[{\"@type\":\"SearchAction\",\"target\":{\"@type\":\"EntryPoint\",\"urlTemplate\":\"https:\/\/abegoes.com\/es\/?s={search_term_string}\"},\"query-input\":\"required name=search_term_string\"}],\"inLanguage\":\"es\"},{\"@type\":\"Organization\",\"@id\":\"https:\/\/abegoes.com\/es\/#organization\",\"name\":\"Herdade dos Abeg\u00f5es\",\"url\":\"https:\/\/abegoes.com\/es\/\",\"logo\":{\"@type\":\"ImageObject\",\"inLanguage\":\"es\",\"@id\":\"https:\/\/abegoes.com\/es\/#\/schema\/logo\/image\/\",\"url\":\"https:\/\/abegoes.com\/wp-content\/uploads\/2022\/03\/abegoes_logo.png\",\"contentUrl\":\"https:\/\/abegoes.com\/wp-content\/uploads\/2022\/03\/abegoes_logo.png\",\"width\":1428,\"height\":1544,\"caption\":\"Herdade dos Abeg\u00f5es\"},\"image\":{\"@id\":\"https:\/\/abegoes.com\/es\/#\/schema\/logo\/image\/\"},\"sameAs\":[\"https:\/\/www.facebook.com\/herdadedosabegoes\",\"https:\/\/www.instagram.com\/herdadedosabegoes\/\"]}]}<\/script>\n<!-- \/ Yoast SEO plugin. -->","yoast_head_json":{"title":"DIRECCIONES - Herdade dos Abeg\u00f5es","robots":{"index":"index","follow":"follow","max-snippet":"max-snippet:-1","max-image-preview":"max-image-preview:large","max-video-preview":"max-video-preview:-1"},"canonical":"https:\/\/abegoes.com\/es\/como-llegar\/","og_locale":"es_ES","og_type":"article","og_title":"DIRECCIONES - Herdade dos Abeg\u00f5es","og_description":"[vc_row padding_top_multiplier=\u00bbcustom\u00bb padding_bottom_multiplier=\u00bb\u00bb padding_top=\u00bb10vh\u00bb][vc_column content_width=\u00bb80&#8243; horizontal_content_position=\u00bbcenter\u00bb text_align=\u00bbcenter\u00bb mobile_content_width=\u00bbreset\u00bb][vc_column_text text_style=\u00bbleader-text\u00bb animation=\u00bbeut-fade-in\u00bb animation_delay=\u00bb1000&#8243;]C\u00f3mo llegar a la Herdade dos Abeg\u00f5es &nbsp; Desde Lisboa Duraci\u00f3n: 2h50 &nbsp; Tome la A1 en direcci\u00f3n a Oporto. Tome la salida 7 para llegar a la A23. Tome la salida 23 de la A23 en direcci\u00f3n Castelo Branco Norte\/ Pampilhosa\/ Penamacor\/ Espa\u00f1a. A [&hellip;]","og_url":"https:\/\/abegoes.com\/es\/como-llegar\/","og_site_name":"Herdade dos Abeg\u00f5es","article_publisher":"https:\/\/www.facebook.com\/herdadedosabegoes","article_modified_time":"2024-06-07T09:36:13+00:00","twitter_card":"summary_large_image","twitter_misc":{"Tiempo de lectura":"2 minutos"},"schema":{"@context":"https:\/\/schema.org","@graph":[{"@type":"WebPage","@id":"https:\/\/abegoes.com\/es\/como-llegar\/","url":"https:\/\/abegoes.com\/es\/como-llegar\/","name":"DIRECCIONES - Herdade dos Abeg\u00f5es","isPartOf":{"@id":"https:\/\/abegoes.com\/es\/#website"},"datePublished":"2022-06-09T18:47:36+00:00","dateModified":"2024-06-07T09:36:13+00:00","breadcrumb":{"@id":"https:\/\/abegoes.com\/es\/como-llegar\/#breadcrumb"},"inLanguage":"es","potentialAction":[{"@type":"ReadAction","target":["https:\/\/abegoes.com\/es\/como-llegar\/"]}]},{"@type":"BreadcrumbList","@id":"https:\/\/abegoes.com\/es\/como-llegar\/#breadcrumb","itemListElement":[{"@type":"ListItem","position":1,"name":"Home","item":"https:\/\/abegoes.com\/es\/"},{"@type":"ListItem","position":2,"name":"DIRECCIONES"}]},{"@type":"WebSite","@id":"https:\/\/abegoes.com\/es\/#website","url":"https:\/\/abegoes.com\/es\/","name":"Herdade dos Abeg\u00f5es","description":"Donde la naturaleza se guarda","publisher":{"@id":"https:\/\/abegoes.com\/es\/#organization"},"potentialAction":[{"@type":"SearchAction","target":{"@type":"EntryPoint","urlTemplate":"https:\/\/abegoes.com\/es\/?s={search_term_string}"},"query-input":"required name=search_term_string"}],"inLanguage":"es"},{"@type":"Organization","@id":"https:\/\/abegoes.com\/es\/#organization","name":"Herdade dos Abeg\u00f5es","url":"https:\/\/abegoes.com\/es\/","logo":{"@type":"ImageObject","inLanguage":"es","@id":"https:\/\/abegoes.com\/es\/#\/schema\/logo\/image\/","url":"https:\/\/abegoes.com\/wp-content\/uploads\/2022\/03\/abegoes_logo.png","contentUrl":"https:\/\/abegoes.com\/wp-content\/uploads\/2022\/03\/abegoes_logo.png","width":1428,"height":1544,"caption":"Herdade dos Abeg\u00f5es"},"image":{"@id":"https:\/\/abegoes.com\/es\/#\/schema\/logo\/image\/"},"sameAs":["https:\/\/www.facebook.com\/herdadedosabegoes","https:\/\/www.instagram.com\/herdadedosabegoes\/"]}]}},"_links":{"self":[{"href":"https:\/\/abegoes.com\/es\/wp-json\/wp\/v2\/pages\/4713"}],"collection":[{"href":"https:\/\/abegoes.com\/es\/wp-json\/wp\/v2\/pages"}],"about":[{"href":"https:\/\/abegoes.com\/es\/wp-json\/wp\/v2\/types\/page"}],"author":[{"embeddable":true,"href":"https:\/\/abegoes.com\/es\/wp-json\/wp\/v2\/users\/1"}],"replies":[{"embeddable":true,"href":"https:\/\/abegoes.com\/es\/wp-json\/wp\/v2\/comments?post=4713"}],"version-history":[{"count":0,"href":"https:\/\/abegoes.com\/es\/wp-json\/wp\/v2\/pages\/4713\/revisions"}],"wp:attachment":[{"href":"https:\/\/abegoes.com\/es\/wp-json\/wp\/v2\/media?parent=4713"}],"curies":[{"name":"wp","href":"https:\/\/api.w.org\/{rel}","templated":true}]}}