{"id":4736,"date":"2020-11-02T15:06:48","date_gmt":"2020-11-02T15:06:48","guid":{"rendered":"https:\/\/abegoes.com\/politica-de-privacidad\/"},"modified":"2024-06-03T14:26:07","modified_gmt":"2024-06-03T14:26:07","slug":"politica-de-privacidad","status":"publish","type":"page","link":"https:\/\/abegoes.com\/es\/politica-de-privacidad\/","title":{"rendered":"Pol\u00edtica de Privacidad"},"content":{"rendered":"<p>[vc_row][vc_column]<h2 class=\"eut-element eut-title eut-align-inherit eut-h2\" style=\"\"><span><br>\n<span style=\"color: #e5615b;\">Pol\u00edtica de Privacidad<\/span><br>\n<\/span><\/h2>[vc_column_text]<\/p>\n<h3>Introducci\u00f3n<\/h3>\n<p>Esta pol\u00edtica incluye las obligaciones de la Herdade dos Abeg\u00f5es en relaci\u00f3n con el tratamiento de datos personales, con el fin de garantizar el cumplimiento de los requisitos de la legislaci\u00f3n pertinente, con vistas a adaptar sus esfuerzos a una realidad en constante evoluci\u00f3n, para hacer frente a los riesgos m\u00e1s relevantes. Se aplica a todas las operaciones de tratamiento de datos personales, incluyendo su recogida, tratamiento y almacenamiento por parte de la Herdade dos Abeg\u00f5es, en relaci\u00f3n con sus empleados, proveedores de servicios y clientes, en el curso de su actividad.<\/p>\n<h3>\u00c1mbito de aplicaci\u00f3n<\/h3>\n<p>La pol\u00edtica abarca todos los datos personales, incluidos los relativos a categor\u00edas especiales de datos personales, tratados en relaci\u00f3n con los interesados por la Herdade dos Abeg\u00f5es, como responsable o encargado del tratamiento. Esta Pol\u00edtica tambi\u00e9n se aplica a los datos personales tratados manualmente siempre que est\u00e9n incluidos en un fichero estructurado.<\/p>\n<p>Todos los datos personales relativos a categor\u00edas especiales de datos personales ser\u00e1n tratados con mayor cuidado por la Herdade dos Abeg\u00f5es. Ambas categor\u00edas se denominar\u00e1n tambi\u00e9n \u00abDatos Personales\u00bb en la presente Pol\u00edtica, a menos que se indique lo contrario.<\/p>\n<h3>Qui\u00e9n procesa sus datos<\/h3>\n<p>En el curso de su actividad, la Herdade dos Abeg\u00f5es puede adquirir, procesar y almacenar Datos Personales. De acuerdo con la legislaci\u00f3n europea y portuguesa sobre protecci\u00f3n de datos, estos datos deben adquirirse y gestionarse de forma l\u00edcita, justa y transparente.<\/p>\n<p>En la Herdade dos Abeg\u00f5es, nos comprometemos a garantizar que todo el equipo tenga un conocimiento suficiente de la legislaci\u00f3n y las pr\u00e1cticas de protecci\u00f3n de datos para poder anticipar e identificar cualquier problema que pueda surgir. En tales circunstancias, el equipo debe asegurarse de que el Responsable del Tratamiento sea informado, garantizando que se tomar\u00e1n todas las medidas correctivas apropiadas y necesarias para garantizar los derechos, libertades y garant\u00edas de los Titulares de los Datos.<\/p>\n<p>La Herdade dos Abeg\u00f5es podr\u00e1 compartir los Datos Personales de los Titulares con Subcontratistas, siempre que ello sea necesario para la normal prestaci\u00f3n de sus servicios. El acceso de los subcontratistas a los Datos Personales compartidos por la Herdade dos Abeg\u00f5es est\u00e1 regulado por el contrato firmado con sus subcontratistas.<\/p>\n<p>En este sentido, la Herdade dos Abeg\u00f5es asegura contractualmente y verifica regularmente que los Subcontratistas son entidades fiables que ofrecen garant\u00edas de protecci\u00f3n adecuadas, y que no se les transmite ning\u00fan dato m\u00e1s all\u00e1 de lo necesario para la prestaci\u00f3n del servicio contratado.<\/p>\n<p>En el ejercicio de su funci\u00f3n de Responsable del Tratamiento, la Herdade dos Abeg\u00f5es tambi\u00e9n podr\u00e1 compartir los Datos Personales de los Titulares con otros Responsables del Tratamiento, con el fin de llevar a cabo las operaciones de tratamiento necesarias para la prestaci\u00f3n de los servicios contratados.<\/p>\n<p>En el \u00e1mbito de la mencionada corresponsabilidad, la Herdade dos Abeg\u00f5es celebra un acuerdo con el otro Responsable del Tratamiento, en el que se identifican de forma transparente las respectivas finalidades y responsabilidades, de conformidad con la legislaci\u00f3n vigente en materia de protecci\u00f3n de datos, garantizando el cumplimiento de los Derechos y Libertades de los Titulares de los Datos mediante el establecimiento de canales de comunicaci\u00f3n adecuados para responder a las solicitudes de los Titulares de los Datos.<\/p>\n<p>Independientemente de la relaci\u00f3n existente entre los Destinatarios de los Datos Personales, la Herdade dos Abeg\u00f5es define, a trav\u00e9s de un contrato formal escrito, la delimitaci\u00f3n de las obligaciones en materia de Datos Personales, la finalidad o finalidades espec\u00edficas para las que intervienen y el entendimiento de que realizan las operaciones de tratamiento de datos de conformidad con la Legislaci\u00f3n Portuguesa de Protecci\u00f3n de Datos.<\/p>\n<h3>Posibles destinatarios de los datos personales<\/h3>\n<ul>\n<li>Proveedores de servicios de soporte inform\u00e1tico, t\u00e9cnico y operativo;<\/li>\n<li>Entidades relacionadas o bajo gesti\u00f3n com\u00fan con la Herdade dos Abeg\u00f5es;<\/li>\n<li>Entidades a las que la Herdade dos Abeg\u00f5es presta servicios;<\/li>\n<li>\u00d3rganos judiciales, \u00f3rganos de polic\u00eda criminal y autoridades administrativas.<\/li>\n<\/ul>\n<h3>Qu\u00e9 hacemos con sus datos<\/h3>\n<p>Como Responsable del Tratamiento, la Herdade dos Abeg\u00f5es garantiza que todos los Datos Personales:<\/p>\n<ul>\n<li>Se obtienen para finalidades determinadas, l\u00edcitas y claramente definidas, teniendo el Titular derecho a cuestionar la finalidad o finalidades para las que la Herdade dos Abeg\u00f5es los recoge y conserva, debiendo \u00e9sta informarle de forma clara y precisa de la finalidad o finalidades;<\/li>\n<li>Son compatibles con las finalidades para las que fueron adquiridos;<\/li>\n<li>Ser\u00e1n conservados con las medidas de seguridad adecuadas &#8211; aplicadas o por aplicar &#8211; para protegerlos contra el acceso no autorizado, o contra la alteraci\u00f3n, destrucci\u00f3n o divulgaci\u00f3n de los Datos Personales conservados;<\/li>\n<li>Se mantendr\u00e1n exactos, completos y actualizados, cuando sea necesario;<\/li>\n<li>Se recopilar\u00e1n de forma limitada y se conservar\u00e1n s\u00f3lo durante el tiempo estrictamente necesario, sin que se recopilen y\/o traten datos excesivos.<\/li>\n<\/ul>\n<p>Por ello, la Herdade dos Abeg\u00f5es ha implementado un procedimiento para responder a las solicitudes de los Titulares de los Datos, con el fin de gestionar dichas solicitudes de forma eficaz y adecuada, dentro de los plazos estipulados por la ley.<\/p>\n<p>La Herdade dos Abeg\u00f5es ha implantado o est\u00e1 implantando los niveles de seguridad y protecci\u00f3n de los Datos Personales puestos a disposici\u00f3n, as\u00ed como las medidas t\u00e9cnicas y organizativas para la protecci\u00f3n de los Datos Personales contra su difusi\u00f3n, p\u00e9rdida, mal uso, alteraci\u00f3n, tratamiento o acceso no autorizado, as\u00ed como contra cualquier otra forma de tratamiento il\u00edcito.<br \/>Asimismo, todos los empleados de la Herdade dos Abeg\u00f5es est\u00e1n sujetos a las normas de confidencialidad.<\/p>\n<h3>Finalidades y licitud de los tratamientos<\/h3>\n<h4>Clientes<\/h4>\n<p>La Herdade dos Abeg\u00f5es lleva a cabo operaciones de tratamiento de los Datos Personales de sus Clientes con el fin de garantizar el cumplimiento del contrato de prestaci\u00f3n de servicios acordado con los Titulares de los Datos o con los Corresponsables del Tratamiento (en relaci\u00f3n con los datos y los Titulares de los Datos recogidos por ellos, como contrapartes, empleados y otros). Los datos personales identificados anteriormente y sujetos a operaciones de tratamiento son necesarios para la ejecuci\u00f3n de un contrato o para gestiones precontractuales o para el cumplimiento de obligaciones legales, o en el caso de marketing, pueden serlo en virtud del consentimiento.<\/p>\n<p>Los datos de categor\u00eda especial relativos a los Clientes, u obtenidos a trav\u00e9s de los Clientes, ser\u00e1n objeto de operaciones de tratamiento apropiadas en la medida en que sean necesarias por razones de inter\u00e9s p\u00fablico importantes, como la prevenci\u00f3n del blanqueo de capitales y de la financiaci\u00f3n del terrorismo.<\/p>\n<p>El tratamiento de Datos Personales relativos a Clientes u obtenidos a trav\u00e9s de Clientes en relaci\u00f3n con condenas e infracciones penales o medidas de seguridad relacionadas estar\u00e1 siempre sujeto a las garant\u00edas adecuadas para proteger los derechos y libertades de los Titulares de los Datos, y las operaciones relativas a dichos datos se limitar\u00e1n al estricto cumplimiento de las obligaciones legales aplicables.<\/p>\n<h4>Empleados<\/h4>\n<p>La Herdade dos Abeg\u00f5es trata los datos de sus empleados con el fin de ejecutar el contrato de trabajo. Los datos tratados son necesarios a efectos de la ejecuci\u00f3n de un contrato en el que el interesado es parte, o a efectos de diligencias precontractuales a petici\u00f3n del interesado.<\/p>\n<p>Los Datos Personales de los empleados tambi\u00e9n se recogen y tratan con el fin de cumplir las obligaciones legales a las que est\u00e1 sujeto el Responsable del Tratamiento.<\/p>\n<p>Las operaciones de tratamiento relativas a los Datos de categor\u00eda especial recogidos de los Empleados son necesarias para el cumplimiento de obligaciones legales y el ejercicio de derechos espec\u00edficos del Responsable del tratamiento o del Titular de los datos en t\u00e9rminos de legislaci\u00f3n laboral, seguridad social y protecci\u00f3n social, as\u00ed como para fines de medicina preventiva o laboral, para la evaluaci\u00f3n de la capacidad laboral del empleado.<\/p>\n<p>El tratamiento de los Datos Personales de los Empleados u obtenidos a trav\u00e9s de los Empleados en relaci\u00f3n con condenas e infracciones penales o medidas de seguridad relacionadas estar\u00e1 siempre sujeto a las garant\u00edas adecuadas para proteger los derechos y libertades de los Sujetos de los Datos, y las operaciones relacionadas con dichos datos se limitar\u00e1n al estricto cumplimiento de las obligaciones legales aplicables.<\/p>\n<h4>Prestadores de Servicios<\/h4>\n<p>La Herdade dos Abeg\u00f5es lleva a cabo operaciones de tratamiento de los Datos Personales de sus Prestadores de Servicios con el fin de garantizar el cumplimiento del contrato de prestaci\u00f3n de servicios acordado con los Titulares de los Datos o los Corresponsables (en relaci\u00f3n con los datos y los Titulares de los Datos recogidos por ellos, como contrapartes, empleados y otros).<\/p>\n<p>Los Datos Personales identificados anteriormente y sujetos a operaciones de tratamiento son necesarios para la ejecuci\u00f3n de un contrato o para tr\u00e1mites precontractuales o para el cumplimiento de obligaciones legales.<\/p>\n<p>Los Datos de categor\u00eda especial relativos a Proveedores de Servicios u obtenidos a trav\u00e9s de Proveedores de Servicios estar\u00e1n sujetos a operaciones de tratamiento en la medida en que sean necesarios para el establecimiento, el ejercicio o la defensa de un derecho en un procedimiento judicial, o el tratamiento sea necesario para el cumplimiento de obligaciones y el ejercicio de derechos espec\u00edficos del Responsable del tratamiento o del Titular de los datos en materia de legislaci\u00f3n laboral, seguridad social y protecci\u00f3n social o inter\u00e9s p\u00fablico importante.<\/p>\n<p>El tratamiento de los Datos Personales de los Proveedores de Servicios u obtenidos a trav\u00e9s de \u00e9stos en relaci\u00f3n con condenas e infracciones penales o medidas de seguridad conexas estar\u00e1 siempre sujeto a las salvaguardias adecuadas para proteger los derechos y libertades de los interesados, y las operaciones relativas a dichos datos se limitar\u00e1n al estricto cumplimiento de las obligaciones legales aplicables.<\/p>\n<h4>Criterios para el C\u00e1lculo de los Plazos de Conservaci\u00f3n<\/h4>\n<p>La Herdade dos Abeg\u00f5es conserva los Datos Personales durante el per\u00edodo considerado necesario y suficiente para los fines para los que fueron recogidos y procesados, variando el per\u00edodo de conservaci\u00f3n de los datos en funci\u00f3n de la finalidad para la que se procesa la informaci\u00f3n y de conformidad con las normas legales que exigen su conservaci\u00f3n, tras lo cual ser\u00e1n suprimidos, con las debidas garant\u00edas t\u00e9cnicas y funcionales, tal y como se documenta en cada uno de los procesos pertinentes.<\/p>\n<h3>Derecho de acceso y ejercicio de derechos<\/h3>\n<p>Los Titulares de los Datos podr\u00e1n ejercer los derechos que les confiere la legislaci\u00f3n aplicable en materia de protecci\u00f3n de datos, a saber, acceder, rectificar, a\u00f1adir, actualizar o suprimir sus Datos Personales, a trav\u00e9s de la siguiente direcci\u00f3n de correo electr\u00f3nico: <a href=\"mailto:info@abegoes.com\">info@abegoes.com<\/a>. La Herdade dos Abeg\u00f5es podr\u00e1 solicitar un documento de identificaci\u00f3n con el fin de proteger la privacidad del Titular de los Datos antes de realizar cualquier modificaci\u00f3n.<\/p>\n<p>[\/vc_column_text][\/vc_column][\/vc_row]<\/p>\n","protected":false},"excerpt":{"rendered":"<p>[vc_row][vc_column][vc_column_text] Introducci\u00f3n Esta pol\u00edtica incluye las obligaciones de la Herdade dos Abeg\u00f5es en relaci\u00f3n con el tratamiento de datos personales, con el fin de garantizar el cumplimiento de los requisitos de la legislaci\u00f3n pertinente, con vistas a adaptar sus esfuerzos a una realidad en constante evoluci\u00f3n, para hacer frente a los riesgos m\u00e1s relevantes. Se [&hellip;]<\/p>\n","protected":false},"author":1,"featured_media":0,"parent":0,"menu_order":0,"comment_status":"closed","ping_status":"open","template":"","meta":{"footnotes":""},"class_list":["post-4736","page","type-page","status-publish","hentry"],"yoast_head":"<!-- This site is optimized with the Yoast SEO plugin v22.9 - https:\/\/yoast.com\/wordpress\/plugins\/seo\/ -->\n<title>Pol\u00edtica de Privacidad - Herdade dos Abeg\u00f5es<\/title>\n<meta name=\"robots\" content=\"index, follow, max-snippet:-1, max-image-preview:large, max-video-preview:-1\" \/>\n<link rel=\"canonical\" href=\"https:\/\/abegoes.com\/es\/politica-de-privacidad\/\" \/>\n<meta property=\"og:locale\" content=\"es_ES\" \/>\n<meta property=\"og:type\" content=\"article\" \/>\n<meta property=\"og:title\" content=\"Pol\u00edtica de Privacidad - Herdade dos Abeg\u00f5es\" \/>\n<meta property=\"og:description\" content=\"[vc_row][vc_column][vc_column_text] Introducci\u00f3n Esta pol\u00edtica incluye las obligaciones de la Herdade dos Abeg\u00f5es en relaci\u00f3n con el tratamiento de datos personales, con el fin de garantizar el cumplimiento de los requisitos de la legislaci\u00f3n pertinente, con vistas a adaptar sus esfuerzos a una realidad en constante evoluci\u00f3n, para hacer frente a los riesgos m\u00e1s relevantes. Se [&hellip;]\" \/>\n<meta property=\"og:url\" content=\"https:\/\/abegoes.com\/es\/politica-de-privacidad\/\" \/>\n<meta property=\"og:site_name\" content=\"Herdade dos Abeg\u00f5es\" \/>\n<meta property=\"article:publisher\" content=\"https:\/\/www.facebook.com\/herdadedosabegoes\" \/>\n<meta property=\"article:modified_time\" content=\"2024-06-03T14:26:07+00:00\" \/>\n<meta name=\"twitter:card\" content=\"summary_large_image\" \/>\n<meta name=\"twitter:label1\" content=\"Tiempo de lectura\" \/>\n\t<meta name=\"twitter:data1\" content=\"10 minutos\" \/>\n<script type=\"application\/ld+json\" class=\"yoast-schema-graph\">{\"@context\":\"https:\/\/schema.org\",\"@graph\":[{\"@type\":\"WebPage\",\"@id\":\"https:\/\/abegoes.com\/es\/politica-de-privacidad\/\",\"url\":\"https:\/\/abegoes.com\/es\/politica-de-privacidad\/\",\"name\":\"Pol\u00edtica de Privacidad - Herdade dos Abeg\u00f5es\",\"isPartOf\":{\"@id\":\"https:\/\/abegoes.com\/es\/#website\"},\"datePublished\":\"2020-11-02T15:06:48+00:00\",\"dateModified\":\"2024-06-03T14:26:07+00:00\",\"breadcrumb\":{\"@id\":\"https:\/\/abegoes.com\/es\/politica-de-privacidad\/#breadcrumb\"},\"inLanguage\":\"es\",\"potentialAction\":[{\"@type\":\"ReadAction\",\"target\":[\"https:\/\/abegoes.com\/es\/politica-de-privacidad\/\"]}]},{\"@type\":\"BreadcrumbList\",\"@id\":\"https:\/\/abegoes.com\/es\/politica-de-privacidad\/#breadcrumb\",\"itemListElement\":[{\"@type\":\"ListItem\",\"position\":1,\"name\":\"Home\",\"item\":\"https:\/\/abegoes.com\/es\/\"},{\"@type\":\"ListItem\",\"position\":2,\"name\":\"Pol\u00edtica de Privacidad\"}]},{\"@type\":\"WebSite\",\"@id\":\"https:\/\/abegoes.com\/es\/#website\",\"url\":\"https:\/\/abegoes.com\/es\/\",\"name\":\"Herdade dos Abeg\u00f5es\",\"description\":\"Donde la naturaleza se guarda\",\"publisher\":{\"@id\":\"https:\/\/abegoes.com\/es\/#organization\"},\"potentialAction\":[{\"@type\":\"SearchAction\",\"target\":{\"@type\":\"EntryPoint\",\"urlTemplate\":\"https:\/\/abegoes.com\/es\/?s={search_term_string}\"},\"query-input\":\"required name=search_term_string\"}],\"inLanguage\":\"es\"},{\"@type\":\"Organization\",\"@id\":\"https:\/\/abegoes.com\/es\/#organization\",\"name\":\"Herdade dos Abeg\u00f5es\",\"url\":\"https:\/\/abegoes.com\/es\/\",\"logo\":{\"@type\":\"ImageObject\",\"inLanguage\":\"es\",\"@id\":\"https:\/\/abegoes.com\/es\/#\/schema\/logo\/image\/\",\"url\":\"https:\/\/abegoes.com\/wp-content\/uploads\/2022\/03\/abegoes_logo.png\",\"contentUrl\":\"https:\/\/abegoes.com\/wp-content\/uploads\/2022\/03\/abegoes_logo.png\",\"width\":1428,\"height\":1544,\"caption\":\"Herdade dos Abeg\u00f5es\"},\"image\":{\"@id\":\"https:\/\/abegoes.com\/es\/#\/schema\/logo\/image\/\"},\"sameAs\":[\"https:\/\/www.facebook.com\/herdadedosabegoes\",\"https:\/\/www.instagram.com\/herdadedosabegoes\/\"]}]}<\/script>\n<!-- \/ Yoast SEO plugin. -->","yoast_head_json":{"title":"Pol\u00edtica de Privacidad - Herdade dos Abeg\u00f5es","robots":{"index":"index","follow":"follow","max-snippet":"max-snippet:-1","max-image-preview":"max-image-preview:large","max-video-preview":"max-video-preview:-1"},"canonical":"https:\/\/abegoes.com\/es\/politica-de-privacidad\/","og_locale":"es_ES","og_type":"article","og_title":"Pol\u00edtica de Privacidad - Herdade dos Abeg\u00f5es","og_description":"[vc_row][vc_column][vc_column_text] Introducci\u00f3n Esta pol\u00edtica incluye las obligaciones de la Herdade dos Abeg\u00f5es en relaci\u00f3n con el tratamiento de datos personales, con el fin de garantizar el cumplimiento de los requisitos de la legislaci\u00f3n pertinente, con vistas a adaptar sus esfuerzos a una realidad en constante evoluci\u00f3n, para hacer frente a los riesgos m\u00e1s relevantes. Se [&hellip;]","og_url":"https:\/\/abegoes.com\/es\/politica-de-privacidad\/","og_site_name":"Herdade dos Abeg\u00f5es","article_publisher":"https:\/\/www.facebook.com\/herdadedosabegoes","article_modified_time":"2024-06-03T14:26:07+00:00","twitter_card":"summary_large_image","twitter_misc":{"Tiempo de lectura":"10 minutos"},"schema":{"@context":"https:\/\/schema.org","@graph":[{"@type":"WebPage","@id":"https:\/\/abegoes.com\/es\/politica-de-privacidad\/","url":"https:\/\/abegoes.com\/es\/politica-de-privacidad\/","name":"Pol\u00edtica de Privacidad - Herdade dos Abeg\u00f5es","isPartOf":{"@id":"https:\/\/abegoes.com\/es\/#website"},"datePublished":"2020-11-02T15:06:48+00:00","dateModified":"2024-06-03T14:26:07+00:00","breadcrumb":{"@id":"https:\/\/abegoes.com\/es\/politica-de-privacidad\/#breadcrumb"},"inLanguage":"es","potentialAction":[{"@type":"ReadAction","target":["https:\/\/abegoes.com\/es\/politica-de-privacidad\/"]}]},{"@type":"BreadcrumbList","@id":"https:\/\/abegoes.com\/es\/politica-de-privacidad\/#breadcrumb","itemListElement":[{"@type":"ListItem","position":1,"name":"Home","item":"https:\/\/abegoes.com\/es\/"},{"@type":"ListItem","position":2,"name":"Pol\u00edtica de Privacidad"}]},{"@type":"WebSite","@id":"https:\/\/abegoes.com\/es\/#website","url":"https:\/\/abegoes.com\/es\/","name":"Herdade dos Abeg\u00f5es","description":"Donde la naturaleza se guarda","publisher":{"@id":"https:\/\/abegoes.com\/es\/#organization"},"potentialAction":[{"@type":"SearchAction","target":{"@type":"EntryPoint","urlTemplate":"https:\/\/abegoes.com\/es\/?s={search_term_string}"},"query-input":"required name=search_term_string"}],"inLanguage":"es"},{"@type":"Organization","@id":"https:\/\/abegoes.com\/es\/#organization","name":"Herdade dos Abeg\u00f5es","url":"https:\/\/abegoes.com\/es\/","logo":{"@type":"ImageObject","inLanguage":"es","@id":"https:\/\/abegoes.com\/es\/#\/schema\/logo\/image\/","url":"https:\/\/abegoes.com\/wp-content\/uploads\/2022\/03\/abegoes_logo.png","contentUrl":"https:\/\/abegoes.com\/wp-content\/uploads\/2022\/03\/abegoes_logo.png","width":1428,"height":1544,"caption":"Herdade dos Abeg\u00f5es"},"image":{"@id":"https:\/\/abegoes.com\/es\/#\/schema\/logo\/image\/"},"sameAs":["https:\/\/www.facebook.com\/herdadedosabegoes","https:\/\/www.instagram.com\/herdadedosabegoes\/"]}]}},"_links":{"self":[{"href":"https:\/\/abegoes.com\/es\/wp-json\/wp\/v2\/pages\/4736"}],"collection":[{"href":"https:\/\/abegoes.com\/es\/wp-json\/wp\/v2\/pages"}],"about":[{"href":"https:\/\/abegoes.com\/es\/wp-json\/wp\/v2\/types\/page"}],"author":[{"embeddable":true,"href":"https:\/\/abegoes.com\/es\/wp-json\/wp\/v2\/users\/1"}],"replies":[{"embeddable":true,"href":"https:\/\/abegoes.com\/es\/wp-json\/wp\/v2\/comments?post=4736"}],"version-history":[{"count":0,"href":"https:\/\/abegoes.com\/es\/wp-json\/wp\/v2\/pages\/4736\/revisions"}],"wp:attachment":[{"href":"https:\/\/abegoes.com\/es\/wp-json\/wp\/v2\/media?parent=4736"}],"curies":[{"name":"wp","href":"https:\/\/api.w.org\/{rel}","templated":true}]}}