{"id":4737,"date":"2022-03-03T12:11:16","date_gmt":"2022-03-03T12:11:16","guid":{"rendered":"https:\/\/abegoes.com\/politica-de-cookies\/"},"modified":"2024-06-05T15:11:17","modified_gmt":"2024-06-05T15:11:17","slug":"politica-de-cookies","status":"publish","type":"page","link":"https:\/\/abegoes.com\/es\/politica-de-cookies\/","title":{"rendered":"Pol\u00edtica de Cookies"},"content":{"rendered":"<p>[vc_row][vc_column]<h2 class=\"eut-element eut-title eut-align-inherit eut-h2\" style=\"\"><span><br>\n<span style=\"color: #e5615b;\">Pol\u00edtica de Cookies<\/span><br>\n<\/span><\/h2><div class=\"eut-empty-space eut-height-2x\" style=\"\"><\/div>[vc_column_text]<\/p>\n<p>Este sitio web utiliza cookies para un mejor uso por parte de sus visitantes y para garantizar su plena funcionalidad.<\/p>\n<p>Las cookies son peque\u00f1os archivos de texto que un sitio web, cuando es visitado, descarga en el ordenador u otros dispositivos de nuestros usuarios a trav\u00e9s de un servidor. El uso de cookies permite al sitio reconocer su dispositivo en una futura visita. Las cookies no recogen informaci\u00f3n que permita identificarle o ponerse en contacto con usted, s\u00f3lo conservan informaci\u00f3n relacionada con sus preferencias de uso de nuestro sitio web. Si lo desea, puede gestionar el uso de cookies a trav\u00e9s de su navegador.<\/p>\n<p>&nbsp;<\/p>\n<h3>Qu\u00e9 tipos de cookies se utilizan y por qu\u00e9?<\/h3>\n<h4>Cookies de funcionalidad<\/h4>\n<p><!-- \/wp:heading -->Nos permiten registrar informaci\u00f3n sobre las opciones del usuario para navegar por nuestro sitio, como memorizar el idioma de origen. De este modo, el usuario no tiene que reconfigurar su configuraci\u00f3n cada vez que nos visita. La informaci\u00f3n recogida es an\u00f3nima y se destina \u00fanicamente a los fines indicados.<\/p>\n<h4>Cookies de rendimiento<\/h4>\n<p>Nos permiten controlar c\u00f3mo acceden los usuarios individuales a nuestro sitio y con qu\u00e9 regularidad. Se utilizan con fines estad\u00edsticos, sin identificar a ning\u00fan usuario en particular.<\/p>\n<h4>Botones sociales<\/h4>\n<p>Estos botones hacen referencia a las redes sociales y permiten a los usuarios compartir o a\u00f1adir p\u00e1ginas a sus favoritos. Para obtener informaci\u00f3n sobre c\u00f3mo se utiliza su informaci\u00f3n y c\u00f3mo puede optar por no ser incluido en su recopilaci\u00f3n, lea las Pol\u00edticas de Privacidad de esos sitios.<\/p>\n<h4>Servicios web externos<\/h4>\n<p>A veces utilizamos <em>web services<\/em> externos en nuestro sitio para mostrar contenidos en nuestras p\u00e1ginas, por ejemplo para proporcionar im\u00e1genes y v\u00eddeos. En estos casos, al igual que ocurre con los <em>social buttons<\/em>, no podemos impedir la recopilaci\u00f3n de informaci\u00f3n sobre el uso que hacen los usuarios al acceder a estos contenidos incorporados a nuestro sitio.<\/p>\n<h4>Comunicaciones por correo electr\u00f3nico<\/h4>\n<p>Pueden utilizarse tecnolog\u00edas de seguimiento para determinar la eficacia de nuestras comunicaciones por correo electr\u00f3nico. Estas tecnolog\u00edas se utilizar\u00e1n para saber si los usuarios han le\u00eddo, han hecho clic en enlaces o han reenviado determinadas comunicaciones enviadas por nosotros por correo electr\u00f3nico.<\/p>\n<p>Si lo desean, los usuarios pueden darse de baja <em>(unsubscribe)<\/em>, ya que no es posible enviar este tipo de correo electr\u00f3nico sin que existan estos mecanismos de control.<\/p>\n<p>Los suscriptores registrados pueden actualizar sus preferencias de comunicaci\u00f3n en cualquier momento poni\u00e9ndose en contacto con nosotros en info@abegoes.com, o pueden darse de baja siguiendo las instrucciones del correo electr\u00f3nico de comunicaci\u00f3n que enviamos a su direcci\u00f3n de correo electr\u00f3nico.<\/p>\n<p>&nbsp;<\/p>\n<h3>C\u00f3mo gestionar sus cookies<\/h3>\n<p>Los usuarios del sitio web aceptan la descarga de cookies en sus dispositivos en los t\u00e9rminos indicados en esta pol\u00edtica, y pueden gestionar las cookies en cualquier momento a trav\u00e9s de la configuraci\u00f3n de su navegador. Sin embargo, tenga en cuenta que eliminar o bloquear determinadas cookies puede afectar a su experiencia de uso de nuestro sitio web.<\/p>\n<p>La mayor\u00eda de los navegadores permiten a los usuarios ver las cookies alojadas y realizar cambios como eliminarlos o bloquearlos.<\/p>\n<p>Para obtener m\u00e1s informaci\u00f3n general sobre las cookies, visite: <a href=\"http:\/\/ec.europa.eu\/ipg\/basics\/legal\/cookies\/\">http:\/\/ec.europa.eu\/ipg\/basics\/legal\/cookies\/<\/a>.<\/p>\n<p>&nbsp;<\/p>\n<p>Esta Pol\u00edtica de Cookies puede ser revisada en cualquier momento a nuestra discreci\u00f3n. En la parte inferior de esta p\u00e1gina puede ver la fecha de la \u00faltima revisi\u00f3n. Recomendamos a los usuarios de nuestro sitio web que revisen peri\u00f3dicamente la Pol\u00edtica de Cookies con el fin de mantenerse al d\u00eda de los cambios en nuestra gesti\u00f3n de cookies.<\/p>\n<p>[\/vc_column_text]<div class=\"eut-empty-space eut-height-2x\" style=\"\"><\/div>[\/vc_column][\/vc_row]<\/p>\n","protected":false},"excerpt":{"rendered":"<p>[vc_row][vc_column][vc_column_text] Este sitio web utiliza cookies para un mejor uso por parte de sus visitantes y para garantizar su plena funcionalidad. Las cookies son peque\u00f1os archivos de texto que un sitio web, cuando es visitado, descarga en el ordenador u otros dispositivos de nuestros usuarios a trav\u00e9s de un servidor. El uso de cookies permite [&hellip;]<\/p>\n","protected":false},"author":1,"featured_media":0,"parent":0,"menu_order":0,"comment_status":"closed","ping_status":"open","template":"","meta":{"footnotes":""},"class_list":["post-4737","page","type-page","status-publish","hentry"],"yoast_head":"<!-- This site is optimized with the Yoast SEO plugin v22.9 - https:\/\/yoast.com\/wordpress\/plugins\/seo\/ -->\n<title>Pol\u00edtica de Cookies - Herdade dos Abeg\u00f5es<\/title>\n<meta name=\"robots\" content=\"index, follow, max-snippet:-1, max-image-preview:large, max-video-preview:-1\" \/>\n<link rel=\"canonical\" href=\"https:\/\/abegoes.com\/es\/politica-de-cookies\/\" \/>\n<meta property=\"og:locale\" content=\"es_ES\" \/>\n<meta property=\"og:type\" content=\"article\" \/>\n<meta property=\"og:title\" content=\"Pol\u00edtica de Cookies - Herdade dos Abeg\u00f5es\" \/>\n<meta property=\"og:description\" content=\"[vc_row][vc_column][vc_column_text] Este sitio web utiliza cookies para un mejor uso por parte de sus visitantes y para garantizar su plena funcionalidad. Las cookies son peque\u00f1os archivos de texto que un sitio web, cuando es visitado, descarga en el ordenador u otros dispositivos de nuestros usuarios a trav\u00e9s de un servidor. El uso de cookies permite [&hellip;]\" \/>\n<meta property=\"og:url\" content=\"https:\/\/abegoes.com\/es\/politica-de-cookies\/\" \/>\n<meta property=\"og:site_name\" content=\"Herdade dos Abeg\u00f5es\" \/>\n<meta property=\"article:publisher\" content=\"https:\/\/www.facebook.com\/herdadedosabegoes\" \/>\n<meta property=\"article:modified_time\" content=\"2024-06-05T15:11:17+00:00\" \/>\n<meta name=\"twitter:card\" content=\"summary_large_image\" \/>\n<meta name=\"twitter:label1\" content=\"Tiempo de lectura\" \/>\n\t<meta name=\"twitter:data1\" content=\"3 minutos\" \/>\n<script type=\"application\/ld+json\" class=\"yoast-schema-graph\">{\"@context\":\"https:\/\/schema.org\",\"@graph\":[{\"@type\":\"WebPage\",\"@id\":\"https:\/\/abegoes.com\/es\/politica-de-cookies\/\",\"url\":\"https:\/\/abegoes.com\/es\/politica-de-cookies\/\",\"name\":\"Pol\u00edtica de Cookies - Herdade dos Abeg\u00f5es\",\"isPartOf\":{\"@id\":\"https:\/\/abegoes.com\/es\/#website\"},\"datePublished\":\"2022-03-03T12:11:16+00:00\",\"dateModified\":\"2024-06-05T15:11:17+00:00\",\"breadcrumb\":{\"@id\":\"https:\/\/abegoes.com\/es\/politica-de-cookies\/#breadcrumb\"},\"inLanguage\":\"es\",\"potentialAction\":[{\"@type\":\"ReadAction\",\"target\":[\"https:\/\/abegoes.com\/es\/politica-de-cookies\/\"]}]},{\"@type\":\"BreadcrumbList\",\"@id\":\"https:\/\/abegoes.com\/es\/politica-de-cookies\/#breadcrumb\",\"itemListElement\":[{\"@type\":\"ListItem\",\"position\":1,\"name\":\"Home\",\"item\":\"https:\/\/abegoes.com\/es\/\"},{\"@type\":\"ListItem\",\"position\":2,\"name\":\"Pol\u00edtica de Cookies\"}]},{\"@type\":\"WebSite\",\"@id\":\"https:\/\/abegoes.com\/es\/#website\",\"url\":\"https:\/\/abegoes.com\/es\/\",\"name\":\"Herdade dos Abeg\u00f5es\",\"description\":\"Donde la naturaleza se guarda\",\"publisher\":{\"@id\":\"https:\/\/abegoes.com\/es\/#organization\"},\"potentialAction\":[{\"@type\":\"SearchAction\",\"target\":{\"@type\":\"EntryPoint\",\"urlTemplate\":\"https:\/\/abegoes.com\/es\/?s={search_term_string}\"},\"query-input\":\"required name=search_term_string\"}],\"inLanguage\":\"es\"},{\"@type\":\"Organization\",\"@id\":\"https:\/\/abegoes.com\/es\/#organization\",\"name\":\"Herdade dos Abeg\u00f5es\",\"url\":\"https:\/\/abegoes.com\/es\/\",\"logo\":{\"@type\":\"ImageObject\",\"inLanguage\":\"es\",\"@id\":\"https:\/\/abegoes.com\/es\/#\/schema\/logo\/image\/\",\"url\":\"https:\/\/abegoes.com\/wp-content\/uploads\/2022\/03\/abegoes_logo.png\",\"contentUrl\":\"https:\/\/abegoes.com\/wp-content\/uploads\/2022\/03\/abegoes_logo.png\",\"width\":1428,\"height\":1544,\"caption\":\"Herdade dos Abeg\u00f5es\"},\"image\":{\"@id\":\"https:\/\/abegoes.com\/es\/#\/schema\/logo\/image\/\"},\"sameAs\":[\"https:\/\/www.facebook.com\/herdadedosabegoes\",\"https:\/\/www.instagram.com\/herdadedosabegoes\/\"]}]}<\/script>\n<!-- \/ Yoast SEO plugin. -->","yoast_head_json":{"title":"Pol\u00edtica de Cookies - Herdade dos Abeg\u00f5es","robots":{"index":"index","follow":"follow","max-snippet":"max-snippet:-1","max-image-preview":"max-image-preview:large","max-video-preview":"max-video-preview:-1"},"canonical":"https:\/\/abegoes.com\/es\/politica-de-cookies\/","og_locale":"es_ES","og_type":"article","og_title":"Pol\u00edtica de Cookies - Herdade dos Abeg\u00f5es","og_description":"[vc_row][vc_column][vc_column_text] Este sitio web utiliza cookies para un mejor uso por parte de sus visitantes y para garantizar su plena funcionalidad. Las cookies son peque\u00f1os archivos de texto que un sitio web, cuando es visitado, descarga en el ordenador u otros dispositivos de nuestros usuarios a trav\u00e9s de un servidor. El uso de cookies permite [&hellip;]","og_url":"https:\/\/abegoes.com\/es\/politica-de-cookies\/","og_site_name":"Herdade dos Abeg\u00f5es","article_publisher":"https:\/\/www.facebook.com\/herdadedosabegoes","article_modified_time":"2024-06-05T15:11:17+00:00","twitter_card":"summary_large_image","twitter_misc":{"Tiempo de lectura":"3 minutos"},"schema":{"@context":"https:\/\/schema.org","@graph":[{"@type":"WebPage","@id":"https:\/\/abegoes.com\/es\/politica-de-cookies\/","url":"https:\/\/abegoes.com\/es\/politica-de-cookies\/","name":"Pol\u00edtica de Cookies - Herdade dos Abeg\u00f5es","isPartOf":{"@id":"https:\/\/abegoes.com\/es\/#website"},"datePublished":"2022-03-03T12:11:16+00:00","dateModified":"2024-06-05T15:11:17+00:00","breadcrumb":{"@id":"https:\/\/abegoes.com\/es\/politica-de-cookies\/#breadcrumb"},"inLanguage":"es","potentialAction":[{"@type":"ReadAction","target":["https:\/\/abegoes.com\/es\/politica-de-cookies\/"]}]},{"@type":"BreadcrumbList","@id":"https:\/\/abegoes.com\/es\/politica-de-cookies\/#breadcrumb","itemListElement":[{"@type":"ListItem","position":1,"name":"Home","item":"https:\/\/abegoes.com\/es\/"},{"@type":"ListItem","position":2,"name":"Pol\u00edtica de Cookies"}]},{"@type":"WebSite","@id":"https:\/\/abegoes.com\/es\/#website","url":"https:\/\/abegoes.com\/es\/","name":"Herdade dos Abeg\u00f5es","description":"Donde la naturaleza se guarda","publisher":{"@id":"https:\/\/abegoes.com\/es\/#organization"},"potentialAction":[{"@type":"SearchAction","target":{"@type":"EntryPoint","urlTemplate":"https:\/\/abegoes.com\/es\/?s={search_term_string}"},"query-input":"required name=search_term_string"}],"inLanguage":"es"},{"@type":"Organization","@id":"https:\/\/abegoes.com\/es\/#organization","name":"Herdade dos Abeg\u00f5es","url":"https:\/\/abegoes.com\/es\/","logo":{"@type":"ImageObject","inLanguage":"es","@id":"https:\/\/abegoes.com\/es\/#\/schema\/logo\/image\/","url":"https:\/\/abegoes.com\/wp-content\/uploads\/2022\/03\/abegoes_logo.png","contentUrl":"https:\/\/abegoes.com\/wp-content\/uploads\/2022\/03\/abegoes_logo.png","width":1428,"height":1544,"caption":"Herdade dos Abeg\u00f5es"},"image":{"@id":"https:\/\/abegoes.com\/es\/#\/schema\/logo\/image\/"},"sameAs":["https:\/\/www.facebook.com\/herdadedosabegoes","https:\/\/www.instagram.com\/herdadedosabegoes\/"]}]}},"_links":{"self":[{"href":"https:\/\/abegoes.com\/es\/wp-json\/wp\/v2\/pages\/4737"}],"collection":[{"href":"https:\/\/abegoes.com\/es\/wp-json\/wp\/v2\/pages"}],"about":[{"href":"https:\/\/abegoes.com\/es\/wp-json\/wp\/v2\/types\/page"}],"author":[{"embeddable":true,"href":"https:\/\/abegoes.com\/es\/wp-json\/wp\/v2\/users\/1"}],"replies":[{"embeddable":true,"href":"https:\/\/abegoes.com\/es\/wp-json\/wp\/v2\/comments?post=4737"}],"version-history":[{"count":0,"href":"https:\/\/abegoes.com\/es\/wp-json\/wp\/v2\/pages\/4737\/revisions"}],"wp:attachment":[{"href":"https:\/\/abegoes.com\/es\/wp-json\/wp\/v2\/media?parent=4737"}],"curies":[{"name":"wp","href":"https:\/\/api.w.org\/{rel}","templated":true}]}}